{"id":341,"date":"2021-04-29T18:43:50","date_gmt":"2021-04-29T21:43:50","guid":{"rendered":"http:\/\/www.novaopticas.cl\/wordpress_02\/?page_id=341"},"modified":"2021-06-17T13:05:29","modified_gmt":"2021-06-17T16:05:29","slug":"salud-visual","status":"publish","type":"page","link":"https:\/\/www.novaopticas.cl\/wordpress_02\/salud-visual\/","title":{"rendered":"Salud visual"},"content":{"rendered":"\n<div class=\"wp-block-kadence-spacer alignwide kt-block-spacer-_2cae82-4a\"><div class=\"kt-block-spacer kt-block-spacer-halign-center\" style=\"height:60px\"><hr class=\"kt-divider\" style=\"border-top-color:rgba(238, 238, 238, 1);border-top-width:1px;width:80%;border-top-style:solid\"\/><\/div><\/div>\n\n\n\n<div class=\"wp-block-image\"><figure class=\"aligncenter size-large\"><img loading=\"lazy\" decoding=\"async\" width=\"1024\" height=\"683\" src=\"http:\/\/www.novaopticas.cl\/wordpress_02\/wp-content\/uploads\/2021\/06\/visual-5028090_1920-1024x683.jpg\" alt=\"\" class=\"wp-image-443\" srcset=\"https:\/\/www.novaopticas.cl\/wordpress_02\/wp-content\/uploads\/2021\/06\/visual-5028090_1920-1024x683.jpg 1024w, https:\/\/www.novaopticas.cl\/wordpress_02\/wp-content\/uploads\/2021\/06\/visual-5028090_1920-300x200.jpg 300w, https:\/\/www.novaopticas.cl\/wordpress_02\/wp-content\/uploads\/2021\/06\/visual-5028090_1920-768x512.jpg 768w, https:\/\/www.novaopticas.cl\/wordpress_02\/wp-content\/uploads\/2021\/06\/visual-5028090_1920-1536x1025.jpg 1536w, https:\/\/www.novaopticas.cl\/wordpress_02\/wp-content\/uploads\/2021\/06\/visual-5028090_1920-360x240.jpg 360w, https:\/\/www.novaopticas.cl\/wordpress_02\/wp-content\/uploads\/2021\/06\/visual-5028090_1920.jpg 1920w\" sizes=\"auto, (max-width: 1024px) 100vw, 1024px\" \/><\/figure><\/div>\n\n\n\n<p>Sugerimos control anual de su visi\u00f3n con un especialista ya que es una garant\u00eda a largo plazo.&nbsp; La mayor\u00eda de las patolog\u00edas oculares son resultado de un descuido constante por la salud de nuestros ojos, lo que puede derivar en serias complicaciones.<\/p>\n\n\n\n<p>Se recomienda proteger los ojos de la radiaci\u00f3n ultra violeta UV usando lentes de sol, lavado de manos frecuente en la manipulaci\u00f3n de lentes de contacto.<strong><\/strong><\/p>\n","protected":false},"excerpt":{"rendered":"<p>Sugerimos control anual de su visi\u00f3n con un especialista ya que es una garant\u00eda a largo plazo.&nbsp; La mayor\u00eda de las patolog\u00edas oculares son resultado de un descuido constante por la salud de nuestros ojos, lo que puede derivar en serias complicaciones. Se recomienda proteger los ojos de la radiaci\u00f3n [&hellip;]<\/p>\n","protected":false},"author":1,"featured_media":0,"parent":0,"menu_order":0,"comment_status":"closed","ping_status":"closed","template":"","meta":{"footnotes":""},"class_list":["post-341","page","type-page","status-publish","hentry"],"_links":{"self":[{"href":"https:\/\/www.novaopticas.cl\/wordpress_02\/wp-json\/wp\/v2\/pages\/341","targetHints":{"allow":["GET"]}}],"collection":[{"href":"https:\/\/www.novaopticas.cl\/wordpress_02\/wp-json\/wp\/v2\/pages"}],"about":[{"href":"https:\/\/www.novaopticas.cl\/wordpress_02\/wp-json\/wp\/v2\/types\/page"}],"author":[{"embeddable":true,"href":"https:\/\/www.novaopticas.cl\/wordpress_02\/wp-json\/wp\/v2\/users\/1"}],"replies":[{"embeddable":true,"href":"https:\/\/www.novaopticas.cl\/wordpress_02\/wp-json\/wp\/v2\/comments?post=341"}],"version-history":[{"count":4,"href":"https:\/\/www.novaopticas.cl\/wordpress_02\/wp-json\/wp\/v2\/pages\/341\/revisions"}],"predecessor-version":[{"id":490,"href":"https:\/\/www.novaopticas.cl\/wordpress_02\/wp-json\/wp\/v2\/pages\/341\/revisions\/490"}],"wp:attachment":[{"href":"https:\/\/www.novaopticas.cl\/wordpress_02\/wp-json\/wp\/v2\/media?parent=341"}],"curies":[{"name":"wp","href":"https:\/\/api.w.org\/{rel}","templated":true}]}}