{"id":257,"date":"2021-04-06T17:30:49","date_gmt":"2021-04-06T20:30:49","guid":{"rendered":"http:\/\/www.novaopticas.cl\/wordpress_02\/?page_id=257"},"modified":"2021-06-17T13:04:31","modified_gmt":"2021-06-17T16:04:31","slug":"vision","status":"publish","type":"page","link":"https:\/\/www.novaopticas.cl\/wordpress_02\/vision\/","title":{"rendered":"Visi\u00f3n"},"content":{"rendered":"\n<div class=\"wp-block-kadence-spacer alignwide kt-block-spacer-_a0579f-5d\"><div class=\"kt-block-spacer kt-block-spacer-halign-center\" style=\"height:60px\"><hr class=\"kt-divider\" style=\"border-top-color:rgba(238, 238, 238, 1);border-top-width:1px;width:80%;border-top-style:solid\"\/><\/div><\/div>\n\n\n\n<div class=\"wp-block-image\"><figure class=\"alignright size-large is-resized\"><img loading=\"lazy\" decoding=\"async\" src=\"http:\/\/www.novaopticas.cl\/wordpress_02\/wp-content\/uploads\/2021\/06\/img_vision.png\" alt=\"\" class=\"wp-image-404\" width=\"430\" height=\"284\" srcset=\"https:\/\/www.novaopticas.cl\/wordpress_02\/wp-content\/uploads\/2021\/06\/img_vision.png 712w, https:\/\/www.novaopticas.cl\/wordpress_02\/wp-content\/uploads\/2021\/06\/img_vision-300x198.png 300w\" sizes=\"auto, (max-width: 430px) 100vw, 430px\" \/><\/figure><\/div>\n\n\n\n<p>En <strong>NOVA \u00d3PTICAS<\/strong> trabajamos para prestar un buen servicio a nuestros clientes, para que ellos se vean bien y se sientan bien est\u00e9ticamente, dependiendo de la fisonom\u00eda y estilo de vida de cada persona.&nbsp; Buscamos ser una empresa l\u00edder en el mercado entregando un servicio de la m\u00e1s alta calidad y satisfacci\u00f3n garantizada.<\/p>\n\n\n\n<p>Somos emprendedores, creativos, cumplidores, nuestra \u00e9tica nos lleva a actuar siempre con la mejor calidad en nuestros productos combinando habilidades y conocimientos con el fin de que nuestros clientes tengan la mejor experiencia, personalizada y con la mayor dedicaci\u00f3n en nuestra entrega.<\/p>\n","protected":false},"excerpt":{"rendered":"<p>En NOVA \u00d3PTICAS trabajamos para prestar un buen servicio a nuestros clientes, para que ellos se vean bien y se sientan bien est\u00e9ticamente, dependiendo de la fisonom\u00eda y estilo de vida de cada persona.&nbsp; Buscamos ser una empresa l\u00edder en el mercado entregando un servicio de la m\u00e1s alta calidad [&hellip;]<\/p>\n","protected":false},"author":1,"featured_media":0,"parent":0,"menu_order":0,"comment_status":"closed","ping_status":"closed","template":"","meta":{"footnotes":""},"class_list":["post-257","page","type-page","status-publish","hentry"],"_links":{"self":[{"href":"https:\/\/www.novaopticas.cl\/wordpress_02\/wp-json\/wp\/v2\/pages\/257","targetHints":{"allow":["GET"]}}],"collection":[{"href":"https:\/\/www.novaopticas.cl\/wordpress_02\/wp-json\/wp\/v2\/pages"}],"about":[{"href":"https:\/\/www.novaopticas.cl\/wordpress_02\/wp-json\/wp\/v2\/types\/page"}],"author":[{"embeddable":true,"href":"https:\/\/www.novaopticas.cl\/wordpress_02\/wp-json\/wp\/v2\/users\/1"}],"replies":[{"embeddable":true,"href":"https:\/\/www.novaopticas.cl\/wordpress_02\/wp-json\/wp\/v2\/comments?post=257"}],"version-history":[{"count":11,"href":"https:\/\/www.novaopticas.cl\/wordpress_02\/wp-json\/wp\/v2\/pages\/257\/revisions"}],"predecessor-version":[{"id":489,"href":"https:\/\/www.novaopticas.cl\/wordpress_02\/wp-json\/wp\/v2\/pages\/257\/revisions\/489"}],"wp:attachment":[{"href":"https:\/\/www.novaopticas.cl\/wordpress_02\/wp-json\/wp\/v2\/media?parent=257"}],"curies":[{"name":"wp","href":"https:\/\/api.w.org\/{rel}","templated":true}]}}